{"id":48,"date":"2024-01-10T11:02:33","date_gmt":"2024-01-10T11:02:33","guid":{"rendered":"https:\/\/www.dci3d.com\/?page_id=48"},"modified":"2025-11-03T10:04:25","modified_gmt":"2025-11-03T10:04:25","slug":"conception-micro-logiciel","status":"publish","type":"page","link":"https:\/\/www.dci3d.com\/?page_id=48","title":{"rendered":"Conception Micro-Logiciel"},"content":{"rendered":"\n\n\n<h2>Conception de pcb<br><\/h2>\n<p>Votre id\u00e9e, votre projet contient de l \u00e9lectronique mais vous n&rsquo;avez pas les connaissances pour menez \u00e0 bien votre projet, nous sommes l\u00e0 pour vous assister dans vos choix, vous aidez \u00e0 la r\u00e9alisation d&rsquo;un pcb (printed circuit board) r\u00e9pondant \u00e0 vos besoins.<br><\/p>\n\n\n\n\n\n\n\n\n\n\n\n\n\n<h2>Conception de programme<br><\/h2>\n<p>En accord avec la cr\u00e9ation de pcb, nous pouvons concevoir un programme qui pilotera la carte \u00e9lectronique (l&rsquo;\u00e9tendu d&rsquo;applications est vaste: du syst\u00e8mes d alarmes , aux syst\u00e8mes d automatisation, de relev\u00e9s de capteurs, dataloggers, station m\u00e9t\u00e9o, entrainement de moteur. Vous l&rsquo;aurez compris, il n&rsquo;y a pratiquement aucune limite \u00e0 ce que l on peut faire avec un petit processeur programmable . N&rsquo;h\u00e9sitez pas \u00e0 faire une demande de devis.<br><\/p>\n\n\n\n","protected":false},"excerpt":{"rendered":"","protected":false},"author":1,"featured_media":0,"parent":0,"menu_order":0,"comment_status":"closed","ping_status":"closed","template":"","meta":{"om_disable_all_campaigns":false,"pagelayer_contact_templates":[],"_pagelayer_content":"","_monsterinsights_skip_tracking":false,"_monsterinsights_sitenote_active":false,"_monsterinsights_sitenote_note":"","_monsterinsights_sitenote_category":0,"footnotes":""},"class_list":["post-48","page","type-page","status-publish","hentry"],"aioseo_notices":[],"_links":{"self":[{"href":"https:\/\/www.dci3d.com\/index.php?rest_route=\/wp\/v2\/pages\/48","targetHints":{"allow":["GET"]}}],"collection":[{"href":"https:\/\/www.dci3d.com\/index.php?rest_route=\/wp\/v2\/pages"}],"about":[{"href":"https:\/\/www.dci3d.com\/index.php?rest_route=\/wp\/v2\/types\/page"}],"author":[{"embeddable":true,"href":"https:\/\/www.dci3d.com\/index.php?rest_route=\/wp\/v2\/users\/1"}],"replies":[{"embeddable":true,"href":"https:\/\/www.dci3d.com\/index.php?rest_route=%2Fwp%2Fv2%2Fcomments&post=48"}],"version-history":[{"count":15,"href":"https:\/\/www.dci3d.com\/index.php?rest_route=\/wp\/v2\/pages\/48\/revisions"}],"predecessor-version":[{"id":165,"href":"https:\/\/www.dci3d.com\/index.php?rest_route=\/wp\/v2\/pages\/48\/revisions\/165"}],"wp:attachment":[{"href":"https:\/\/www.dci3d.com\/index.php?rest_route=%2Fwp%2Fv2%2Fmedia&parent=48"}],"curies":[{"name":"wp","href":"https:\/\/api.w.org\/{rel}","templated":true}]}}