{"id":45,"date":"2024-01-10T11:01:46","date_gmt":"2024-01-10T11:01:46","guid":{"rendered":"https:\/\/www.dci3d.com\/?page_id=45"},"modified":"2025-11-03T10:02:18","modified_gmt":"2025-11-03T10:02:18","slug":"impressions-3d-47","status":"publish","type":"page","link":"https:\/\/www.dci3d.com\/?page_id=45","title":{"rendered":"Impressions 3D"},"content":{"rendered":"\n\n\n<h2>Impression 3d<br><\/h2>\n<p>une pi\u00e8ce plastique cass\u00e9e, un projet particulier ( prototype ou produit final ). Les applications de l&rsquo;impression 3D sont multiples. Il nous suffit d avoir un dessin ou d&rsquo;une pi\u00e8ce cass\u00e9e pour pouvoir la mod\u00e9liser sur ordinateur ou bien la scanner afin ensuite de l&rsquo;imprimer en plastique ( nous disposons actuellement de machines fdm (diff\u00e9rent volume de construction, ainsi que diff\u00e9rentes mati\u00e8res), sla (resine technique), msla . N&rsquo; h\u00e9sitez pas \u00e0 nous contacter pour toutes questions. <br><\/p>\n\n\n\n\n\n\n<h2>scan3d<\/h2>\n\n\n\n","protected":false},"excerpt":{"rendered":"","protected":false},"author":1,"featured_media":0,"parent":0,"menu_order":0,"comment_status":"closed","ping_status":"closed","template":"","meta":{"om_disable_all_campaigns":false,"pagelayer_contact_templates":[],"_pagelayer_content":"","_monsterinsights_skip_tracking":false,"_monsterinsights_sitenote_active":false,"_monsterinsights_sitenote_note":"","_monsterinsights_sitenote_category":0,"footnotes":""},"class_list":["post-45","page","type-page","status-publish","hentry"],"aioseo_notices":[],"_links":{"self":[{"href":"https:\/\/www.dci3d.com\/index.php?rest_route=\/wp\/v2\/pages\/45","targetHints":{"allow":["GET"]}}],"collection":[{"href":"https:\/\/www.dci3d.com\/index.php?rest_route=\/wp\/v2\/pages"}],"about":[{"href":"https:\/\/www.dci3d.com\/index.php?rest_route=\/wp\/v2\/types\/page"}],"author":[{"embeddable":true,"href":"https:\/\/www.dci3d.com\/index.php?rest_route=\/wp\/v2\/users\/1"}],"replies":[{"embeddable":true,"href":"https:\/\/www.dci3d.com\/index.php?rest_route=%2Fwp%2Fv2%2Fcomments&post=45"}],"version-history":[{"count":10,"href":"https:\/\/www.dci3d.com\/index.php?rest_route=\/wp\/v2\/pages\/45\/revisions"}],"predecessor-version":[{"id":167,"href":"https:\/\/www.dci3d.com\/index.php?rest_route=\/wp\/v2\/pages\/45\/revisions\/167"}],"wp:attachment":[{"href":"https:\/\/www.dci3d.com\/index.php?rest_route=%2Fwp%2Fv2%2Fmedia&parent=45"}],"curies":[{"name":"wp","href":"https:\/\/api.w.org\/{rel}","templated":true}]}}