{"id":22,"date":"2024-01-02T15:15:30","date_gmt":"2024-01-02T15:15:30","guid":{"rendered":"https:\/\/www.dci3d.com\/about\/"},"modified":"2025-11-03T10:44:34","modified_gmt":"2025-11-03T10:44:34","slug":"about","status":"publish","type":"page","link":"https:\/\/www.dci3d.com\/?page_id=22","title":{"rendered":"A Propos de nous"},"content":{"rendered":"\n\n\n<h5>A propos de l&rsquo;entreprise<\/h5>\n<p>Fond\u00e9e en <strong>2018<\/strong>, notre entreprise est sp\u00e9cialis\u00e9e dans le <strong>d\u00e9pannage i<span style=\"line-height:2.0;\"><span style=\"font-size:normal;\"><\/span><\/span>nformatique<\/strong> et la <strong>maintenance d\u2019imprimantes 3D<\/strong>. Nous mett<span style=\"line-height:5.0;\"><span style=\"\"><\/span><\/span>ons \u00e0 disposition de nos clients une expertise technique solide et une approche rigoureuse du service afin de garantir la fiabilit\u00e9 et la performance de leurs \u00e9quipements num\u00e9riques.<\/p><p><br>Nos prestations couvrent un large \u00e9ventail de services : <strong>diagnostic, r\u00e9paration mat\u00e9rielle et logicielle, maintenance pr\u00e9ventive, r\u00e9cup\u00e9ration de donn\u00e9es<\/strong>, ainsi que <strong>d\u00e9pannage et calibration d\u2019imprimantes 3D<\/strong> toutes marques. <br>Gr\u00e2ce \u00e0 une veille technologique constante, nous assurons une prise en charge efficace des syst\u00e8mes les plus r\u00e9cents comme des \u00e9quipements plus anciens.<br><br>Nous accompagnons aussi bien les <strong>particuliers<\/strong> que les <strong>entreprises<\/strong> et <strong>collectivit\u00e9s<\/strong>, en leur apportant des solutions personnalis\u00e9es, adapt\u00e9es \u00e0 leurs besoins et \u00e0 leurs contraintes techniques.<br><br>Notre engagement repose sur trois principes fondamentaux : <strong>r\u00e9activit\u00e9, transparence et qualit\u00e9 de service<\/strong>. Nous veillons \u00e0 \u00e9tablir une relation de confiance durable avec nos clients, en leur garantissant un suivi attentif et des interventions r\u00e9alis\u00e9es dans le respect des meilleures pratiques du secteur.<br><\/p>\n\n\n<p>Lorem Ipsum has been the industry&rsquo;s standard dummy text ever since the 1500s.<\/p>\n\n\n\n\n\n\n\n<p><\/p>\n","protected":false},"excerpt":{"rendered":"","protected":false},"author":1,"featured_media":0,"parent":0,"menu_order":0,"comment_status":"closed","ping_status":"closed","template":"","meta":{"om_disable_all_campaigns":false,"pagelayer_contact_templates":[],"_pagelayer_content":"","_monsterinsights_skip_tracking":false,"_monsterinsights_sitenote_active":false,"_monsterinsights_sitenote_note":"","_monsterinsights_sitenote_category":0,"footnotes":""},"class_list":["post-22","page","type-page","status-publish","hentry"],"aioseo_notices":[],"_links":{"self":[{"href":"https:\/\/www.dci3d.com\/index.php?rest_route=\/wp\/v2\/pages\/22","targetHints":{"allow":["GET"]}}],"collection":[{"href":"https:\/\/www.dci3d.com\/index.php?rest_route=\/wp\/v2\/pages"}],"about":[{"href":"https:\/\/www.dci3d.com\/index.php?rest_route=\/wp\/v2\/types\/page"}],"author":[{"embeddable":true,"href":"https:\/\/www.dci3d.com\/index.php?rest_route=\/wp\/v2\/users\/1"}],"replies":[{"embeddable":true,"href":"https:\/\/www.dci3d.com\/index.php?rest_route=%2Fwp%2Fv2%2Fcomments&post=22"}],"version-history":[{"count":3,"href":"https:\/\/www.dci3d.com\/index.php?rest_route=\/wp\/v2\/pages\/22\/revisions"}],"predecessor-version":[{"id":175,"href":"https:\/\/www.dci3d.com\/index.php?rest_route=\/wp\/v2\/pages\/22\/revisions\/175"}],"wp:attachment":[{"href":"https:\/\/www.dci3d.com\/index.php?rest_route=%2Fwp%2Fv2%2Fmedia&parent=22"}],"curies":[{"name":"wp","href":"https:\/\/api.w.org\/{rel}","templated":true}]}}